{"id":47,"date":"2022-04-07T12:25:00","date_gmt":"2022-04-07T10:25:00","guid":{"rendered":"http:\/\/isk-kunststofftechnik.de\/wp2016\/?page_id=47"},"modified":"2025-06-17T12:09:20","modified_gmt":"2025-06-17T10:09:20","slug":"impressum","status":"publish","type":"page","link":"https:\/\/isk-kunststofftechnik.de\/en\/impressum\/","title":{"rendered":"Legal notice"},"content":{"rendered":"<div data-elementor-type=\"wp-page\" data-elementor-id=\"47\" class=\"elementor elementor-47\">\n\t\t\t\t<div class=\"elementor-element elementor-element-9eb2914 e-flex e-con-boxed e-con e-parent\" data-id=\"9eb2914\" data-element_type=\"container\">\n\t\t\t\t\t<div class=\"e-con-inner\">\n\t\t\t\t<div class=\"elementor-element elementor-element-f8482ae elementor-widget elementor-widget-heading\" data-id=\"f8482ae\" data-element_type=\"widget\" data-widget_type=\"heading.default\">\n\t\t\t\t<div class=\"elementor-widget-container\">\n\t\t\t<style>\/*! elementor - v3.21.0 - 26-05-2024 *\/\n.elementor-heading-title{padding:0;margin:0;line-height:1}.elementor-widget-heading .elementor-heading-title[class*=elementor-size-]>a{color:inherit;font-size:inherit;line-height:inherit}.elementor-widget-heading .elementor-heading-title.elementor-size-small{font-size:15px}.elementor-widget-heading .elementor-heading-title.elementor-size-medium{font-size:19px}.elementor-widget-heading .elementor-heading-title.elementor-size-large{font-size:29px}.elementor-widget-heading .elementor-heading-title.elementor-size-xl{font-size:39px}.elementor-widget-heading .elementor-heading-title.elementor-size-xxl{font-size:59px}<\/style><h1 class=\"elementor-heading-title elementor-size-default\">Legal notice <\/h1>\t\t<\/div>\n\t\t\t\t<\/div>\n\t\t\t\t\t<\/div>\n\t\t\t\t<\/div>\n\t\t<div class=\"elementor-element elementor-element-45c4573 e-flex e-con-boxed e-con e-parent\" data-id=\"45c4573\" data-element_type=\"container\">\n\t\t\t\t\t<div class=\"e-con-inner\">\n\t\t\t\t<div class=\"elementor-element elementor-element-c7de284 elementor-widget-divider--view-line elementor-widget elementor-widget-divider\" data-id=\"c7de284\" data-element_type=\"widget\" data-widget_type=\"divider.default\">\n\t\t\t\t<div class=\"elementor-widget-container\">\n\t\t\t<style>\/*! elementor - v3.21.0 - 26-05-2024 *\/\n.elementor-widget-divider{--divider-border-style:none;--divider-border-width:1px;--divider-color:#0c0d0e;--divider-icon-size:20px;--divider-element-spacing:10px;--divider-pattern-height:24px;--divider-pattern-size:20px;--divider-pattern-url:none;--divider-pattern-repeat:repeat-x}.elementor-widget-divider .elementor-divider{display:flex}.elementor-widget-divider .elementor-divider__text{font-size:15px;line-height:1;max-width:95%}.elementor-widget-divider .elementor-divider__element{margin:0 var(--divider-element-spacing);flex-shrink:0}.elementor-widget-divider .elementor-icon{font-size:var(--divider-icon-size)}.elementor-widget-divider .elementor-divider-separator{display:flex;margin:0;direction:ltr}.elementor-widget-divider--view-line_icon .elementor-divider-separator,.elementor-widget-divider--view-line_text .elementor-divider-separator{align-items:center}.elementor-widget-divider--view-line_icon .elementor-divider-separator:after,.elementor-widget-divider--view-line_icon .elementor-divider-separator:before,.elementor-widget-divider--view-line_text .elementor-divider-separator:after,.elementor-widget-divider--view-line_text .elementor-divider-separator:before{display:block;content:\"\";border-block-end:0;flex-grow:1;border-block-start:var(--divider-border-width) var(--divider-border-style) var(--divider-color)}.elementor-widget-divider--element-align-left .elementor-divider .elementor-divider-separator>.elementor-divider__svg:first-of-type{flex-grow:0;flex-shrink:100}.elementor-widget-divider--element-align-left .elementor-divider-separator:before{content:none}.elementor-widget-divider--element-align-left .elementor-divider__element{margin-left:0}.elementor-widget-divider--element-align-right .elementor-divider .elementor-divider-separator>.elementor-divider__svg:last-of-type{flex-grow:0;flex-shrink:100}.elementor-widget-divider--element-align-right .elementor-divider-separator:after{content:none}.elementor-widget-divider--element-align-right .elementor-divider__element{margin-right:0}.elementor-widget-divider--element-align-start .elementor-divider .elementor-divider-separator>.elementor-divider__svg:first-of-type{flex-grow:0;flex-shrink:100}.elementor-widget-divider--element-align-start .elementor-divider-separator:before{content:none}.elementor-widget-divider--element-align-start .elementor-divider__element{margin-inline-start:0}.elementor-widget-divider--element-align-end .elementor-divider .elementor-divider-separator>.elementor-divider__svg:last-of-type{flex-grow:0;flex-shrink:100}.elementor-widget-divider--element-align-end .elementor-divider-separator:after{content:none}.elementor-widget-divider--element-align-end .elementor-divider__element{margin-inline-end:0}.elementor-widget-divider:not(.elementor-widget-divider--view-line_text):not(.elementor-widget-divider--view-line_icon) .elementor-divider-separator{border-block-start:var(--divider-border-width) var(--divider-border-style) var(--divider-color)}.elementor-widget-divider--separator-type-pattern{--divider-border-style:none}.elementor-widget-divider--separator-type-pattern.elementor-widget-divider--view-line .elementor-divider-separator,.elementor-widget-divider--separator-type-pattern:not(.elementor-widget-divider--view-line) .elementor-divider-separator:after,.elementor-widget-divider--separator-type-pattern:not(.elementor-widget-divider--view-line) .elementor-divider-separator:before,.elementor-widget-divider--separator-type-pattern:not([class*=elementor-widget-divider--view]) .elementor-divider-separator{width:100%;min-height:var(--divider-pattern-height);-webkit-mask-size:var(--divider-pattern-size) 100%;mask-size:var(--divider-pattern-size) 100%;-webkit-mask-repeat:var(--divider-pattern-repeat);mask-repeat:var(--divider-pattern-repeat);background-color:var(--divider-color);-webkit-mask-image:var(--divider-pattern-url);mask-image:var(--divider-pattern-url)}.elementor-widget-divider--no-spacing{--divider-pattern-size:auto}.elementor-widget-divider--bg-round{--divider-pattern-repeat:round}.rtl .elementor-widget-divider .elementor-divider__text{direction:rtl}.e-con-inner>.elementor-widget-divider,.e-con>.elementor-widget-divider{width:var(--container-widget-width,100%);--flex-grow:var(--container-widget-flex-grow)}<\/style>\t\t<div class=\"elementor-divider\">\n\t\t\t<span class=\"elementor-divider-separator\">\n\t\t\t\t\t\t<\/span>\n\t\t<\/div>\n\t\t\t\t<\/div>\n\t\t\t\t<\/div>\n\t\t\t\t\t<\/div>\n\t\t\t\t<\/div>\n\t\t<div class=\"elementor-element elementor-element-7f35983 e-flex e-con-boxed e-con e-parent\" data-id=\"7f35983\" data-element_type=\"container\">\n\t\t\t\t\t<div class=\"e-con-inner\">\n\t\t\t\t<div class=\"elementor-element elementor-element-a027b04 elementor-widget elementor-widget-spacer\" data-id=\"a027b04\" data-element_type=\"widget\" data-widget_type=\"spacer.default\">\n\t\t\t\t<div class=\"elementor-widget-container\">\n\t\t\t<style>\/*! elementor - v3.21.0 - 26-05-2024 *\/\n.elementor-column .elementor-spacer-inner{height:var(--spacer-size)}.e-con{--container-widget-width:100%}.e-con-inner>.elementor-widget-spacer,.e-con>.elementor-widget-spacer{width:var(--container-widget-width,var(--spacer-size));--align-self:var(--container-widget-align-self,initial);--flex-shrink:0}.e-con-inner>.elementor-widget-spacer>.elementor-widget-container,.e-con>.elementor-widget-spacer>.elementor-widget-container{height:100%;width:100%}.e-con-inner>.elementor-widget-spacer>.elementor-widget-container>.elementor-spacer,.e-con>.elementor-widget-spacer>.elementor-widget-container>.elementor-spacer{height:100%}.e-con-inner>.elementor-widget-spacer>.elementor-widget-container>.elementor-spacer>.elementor-spacer-inner,.e-con>.elementor-widget-spacer>.elementor-widget-container>.elementor-spacer>.elementor-spacer-inner{height:var(--container-widget-height,var(--spacer-size))}.e-con-inner>.elementor-widget-spacer.elementor-widget-empty,.e-con>.elementor-widget-spacer.elementor-widget-empty{position:relative;min-height:22px;min-width:22px}.e-con-inner>.elementor-widget-spacer.elementor-widget-empty .elementor-widget-empty-icon,.e-con>.elementor-widget-spacer.elementor-widget-empty .elementor-widget-empty-icon{position:absolute;top:0;bottom:0;left:0;right:0;margin:auto;padding:0;width:22px;height:22px}<\/style>\t\t<div class=\"elementor-spacer\">\n\t\t\t<div class=\"elementor-spacer-inner\"><\/div>\n\t\t<\/div>\n\t\t\t\t<\/div>\n\t\t\t\t<\/div>\n\t\t\t\t\t<\/div>\n\t\t\t\t<\/div>\n\t\t<div class=\"elementor-element elementor-element-3c08874c e-flex e-con-boxed e-con e-parent\" data-id=\"3c08874c\" data-element_type=\"container\">\n\t\t\t\t\t<div class=\"e-con-inner\">\n\t\t\t\t<div class=\"elementor-element elementor-element-3d978e6c elementor-widget__width-initial elementor-widget elementor-widget-text-editor\" data-id=\"3d978e6c\" data-element_type=\"widget\" data-widget_type=\"text-editor.default\">\n\t\t\t\t<div class=\"elementor-widget-container\">\n\t\t\t<style>\/*! elementor - v3.21.0 - 26-05-2024 *\/\n.elementor-widget-text-editor.elementor-drop-cap-view-stacked .elementor-drop-cap{background-color:#69727d;color:#fff}.elementor-widget-text-editor.elementor-drop-cap-view-framed .elementor-drop-cap{color:#69727d;border:3px solid;background-color:transparent}.elementor-widget-text-editor:not(.elementor-drop-cap-view-default) .elementor-drop-cap{margin-top:8px}.elementor-widget-text-editor:not(.elementor-drop-cap-view-default) .elementor-drop-cap-letter{width:1em;height:1em}.elementor-widget-text-editor .elementor-drop-cap{float:left;text-align:center;line-height:1;font-size:50px}.elementor-widget-text-editor .elementor-drop-cap-letter{display:inline-block}<\/style>\t\t\t\t<div id=\"pl-47\" class=\"panel-layout\"><div id=\"pg-47-0\" class=\"panel-grid panel-no-style\"><div id=\"pgc-47-0-0\" class=\"panel-grid-cell\" data-weight=\"0.750000001875\"><div id=\"panel-47-0-0-0\" class=\"so-panel widget widget_sow-editor panel-first-child panel-last-child\" data-index=\"0\" data-style=\"{&quot;background_image_attachment&quot;:false,&quot;background_display&quot;:&quot;tile&quot;,&quot;iw-visible-screen&quot;:&quot;iw-all&quot;,&quot;iw-visible-layout&quot;:&quot;iw-all&quot;}\"><div class=\"so-widget-sow-editor so-widget-sow-editor-base\"><div class=\"siteorigin-widget-tinymce textwidget\"><p>ISK Kunststofftechnik GmbH<br \/>Plochinger Stra\u00dfe 37<br \/>73779 Deizisau<\/p><p>General Manager: Hasan Iskirik<\/p><p class=\" translation-block\">Phone: 07153\/70397-0\nFax: 07153\/70397-60<\/p><p>E-Mail: <a href=\"mailto:info@isk-kunststoff.de\">info@isk-kunststoff.de<\/a><\/p><p class=\" translation-block\">Register court: Stuttgart local court\nRegister number: HRB 213981<\/p><p class=\" translation-block\">Sales tax identification number according to \u00a7 27a UStG: DE813088403<\/p><\/div><\/div><\/div><\/div><\/div><div id=\"pg-47-1\" class=\"panel-grid panel-no-style\"><div id=\"pgc-47-1-0\" class=\"panel-grid-cell\" data-weight=\"1\"><div id=\"panel-47-1-0-0\" class=\"so-panel widget widget_sow-editor panel-first-child panel-last-child\" data-index=\"2\" data-style=\"{&quot;background_image_attachment&quot;:false,&quot;background_display&quot;:&quot;tile&quot;,&quot;iw-visible-screen&quot;:&quot;iw-all&quot;,&quot;iw-visible-layout&quot;:&quot;iw-all&quot;}\"><div class=\"so-widget-sow-editor so-widget-sow-editor-base\"><div class=\"siteorigin-widget-tinymce textwidget\"><div class=\"ce_text last block\"><h2>Copyright<\/h2><p>All rights reserved. The content published on this website is subject to German copyright and ancillary copyright law.<\/p><\/div><\/div><\/div><\/div><\/div><\/div><\/div>\t\t\t\t\t\t<\/div>\n\t\t\t\t<\/div>\n\t\t\t\t\t<\/div>\n\t\t\t\t<\/div>\n\t\t\t\t<\/div>","protected":false},"excerpt":{"rendered":"<p>Impressum ISK Kunststofftechnik GmbHPlochinger Stra\u00dfe 3773779 Deizisau Gesch\u00e4ftsf\u00fchrer: Hasan Iskirik Telefon: 07153\/70397-0Telefax: 07153\/70397-60 E-Mail: info@isk-kunststoff.de Registergericht: Amtsgericht StuttgartRegisternummer: HRB 213981 Umsatzsteuer-Identifikationsnummer gem. [&hellip;]<\/p>","protected":false},"author":4,"featured_media":0,"parent":0,"menu_order":0,"comment_status":"closed","ping_status":"closed","template":"","meta":{"_monsterinsights_skip_tracking":false,"_monsterinsights_sitenote_active":false,"_monsterinsights_sitenote_note":"","_monsterinsights_sitenote_category":0,"spay_email":"","footnotes":""},"class_list":["post-47","page","type-page","status-publish","hentry"],"yoast_head":"<!-- This site is optimized with the Yoast SEO plugin v24.4 - https:\/\/yoast.com\/wordpress\/plugins\/seo\/ -->\n<title>Impressum | Kunststofftechnik GmbH<\/title>\n<meta name=\"robots\" content=\"index, follow, max-snippet:-1, max-image-preview:large, max-video-preview:-1\" \/>\n<link rel=\"canonical\" href=\"https:\/\/isk-kunststofftechnik.de\/en\/impressum\/\" \/>\n<meta name=\"twitter:card\" content=\"summary_large_image\" \/>\n<meta name=\"twitter:title\" content=\"Impressum | Kunststofftechnik GmbH\" \/>\n<meta name=\"twitter:description\" content=\"Impressum ISK Kunststofftechnik GmbHPlochinger Stra\u00dfe 3773779 Deizisau Gesch\u00e4ftsf\u00fchrer: Hasan Iskirik Telefon: 07153\/70397-0Telefax: 07153\/70397-60 E-Mail: info@isk-kunststoff.de Registergericht: Amtsgericht StuttgartRegisternummer: HRB 213981 Umsatzsteuer-Identifikationsnummer gem. [&hellip;]\" \/>\n<meta name=\"twitter:label1\" content=\"Estimated reading time\" \/>\n\t<meta name=\"twitter:data1\" content=\"1 minute\" \/>\n<script type=\"application\/ld+json\" class=\"yoast-schema-graph\">{\"@context\":\"https:\/\/schema.org\",\"@graph\":[{\"@type\":\"WebPage\",\"@id\":\"https:\/\/isk-kunststofftechnik.de\/impressum\/\",\"url\":\"https:\/\/isk-kunststofftechnik.de\/impressum\/\",\"name\":\"Impressum | Kunststofftechnik GmbH\",\"isPartOf\":{\"@id\":\"https:\/\/isk-kunststofftechnik.de\/#website\"},\"datePublished\":\"2022-04-07T10:25:00+00:00\",\"dateModified\":\"2025-06-17T10:09:20+00:00\",\"breadcrumb\":{\"@id\":\"https:\/\/isk-kunststofftechnik.de\/impressum\/#breadcrumb\"},\"inLanguage\":\"en-GB\",\"potentialAction\":[{\"@type\":\"ReadAction\",\"target\":[\"https:\/\/isk-kunststofftechnik.de\/impressum\/\"]}]},{\"@type\":\"BreadcrumbList\",\"@id\":\"https:\/\/isk-kunststofftechnik.de\/impressum\/#breadcrumb\",\"itemListElement\":[{\"@type\":\"ListItem\",\"position\":1,\"name\":\"Home\",\"item\":\"https:\/\/isk-kunststofftechnik.de\/\"},{\"@type\":\"ListItem\",\"position\":2,\"name\":\"Impressum\"}]},{\"@type\":\"WebSite\",\"@id\":\"https:\/\/isk-kunststofftechnik.de\/#website\",\"url\":\"https:\/\/isk-kunststofftechnik.de\/\",\"name\":\"Kunststofftechnik GmbH\",\"description\":\"Pr\u00e4zise      Preiswert P\u00fcnktlich\",\"publisher\":{\"@id\":\"https:\/\/isk-kunststofftechnik.de\/#organization\"},\"potentialAction\":[{\"@type\":\"SearchAction\",\"target\":{\"@type\":\"EntryPoint\",\"urlTemplate\":\"https:\/\/isk-kunststofftechnik.de\/?s={search_term_string}\"},\"query-input\":{\"@type\":\"PropertyValueSpecification\",\"valueRequired\":true,\"valueName\":\"search_term_string\"}}],\"inLanguage\":\"en-GB\"},{\"@type\":\"Organization\",\"@id\":\"https:\/\/isk-kunststofftechnik.de\/#organization\",\"name\":\"ISK Kunststofftechnik GmbH\",\"url\":\"https:\/\/isk-kunststofftechnik.de\/\",\"logo\":{\"@type\":\"ImageObject\",\"inLanguage\":\"en-GB\",\"@id\":\"https:\/\/isk-kunststofftechnik.de\/#\/schema\/logo\/image\/\",\"url\":\"https:\/\/i0.wp.com\/isk-kunststofftechnik.de\/wp2016\/wp-content\/uploads\/2016\/04\/cropped-schrift4c-Kopie.jpg?fit=512%2C512&ssl=1\",\"contentUrl\":\"https:\/\/i0.wp.com\/isk-kunststofftechnik.de\/wp2016\/wp-content\/uploads\/2016\/04\/cropped-schrift4c-Kopie.jpg?fit=512%2C512&ssl=1\",\"width\":512,\"height\":512,\"caption\":\"ISK Kunststofftechnik GmbH\"},\"image\":{\"@id\":\"https:\/\/isk-kunststofftechnik.de\/#\/schema\/logo\/image\/\"}}]}<\/script>\n<!-- \/ Yoast SEO plugin. -->","yoast_head_json":{"title":"Impressum | Kunststofftechnik GmbH","robots":{"index":"index","follow":"follow","max-snippet":"max-snippet:-1","max-image-preview":"max-image-preview:large","max-video-preview":"max-video-preview:-1"},"canonical":"https:\/\/isk-kunststofftechnik.de\/en\/impressum\/","twitter_card":"summary_large_image","twitter_title":"Impressum | Kunststofftechnik GmbH","twitter_description":"Impressum ISK Kunststofftechnik GmbHPlochinger Stra\u00dfe 3773779 Deizisau Gesch\u00e4ftsf\u00fchrer: Hasan Iskirik Telefon: 07153\/70397-0Telefax: 07153\/70397-60 E-Mail: info@isk-kunststoff.de Registergericht: Amtsgericht StuttgartRegisternummer: HRB 213981 Umsatzsteuer-Identifikationsnummer gem. [&hellip;]","twitter_misc":{"Estimated reading time":"1 minute"},"schema":{"@context":"https:\/\/schema.org","@graph":[{"@type":"WebPage","@id":"https:\/\/isk-kunststofftechnik.de\/impressum\/","url":"https:\/\/isk-kunststofftechnik.de\/impressum\/","name":"Impressum | Kunststofftechnik GmbH","isPartOf":{"@id":"https:\/\/isk-kunststofftechnik.de\/#website"},"datePublished":"2022-04-07T10:25:00+00:00","dateModified":"2025-06-17T10:09:20+00:00","breadcrumb":{"@id":"https:\/\/isk-kunststofftechnik.de\/impressum\/#breadcrumb"},"inLanguage":"en-GB","potentialAction":[{"@type":"ReadAction","target":["https:\/\/isk-kunststofftechnik.de\/impressum\/"]}]},{"@type":"BreadcrumbList","@id":"https:\/\/isk-kunststofftechnik.de\/impressum\/#breadcrumb","itemListElement":[{"@type":"ListItem","position":1,"name":"Home","item":"https:\/\/isk-kunststofftechnik.de\/"},{"@type":"ListItem","position":2,"name":"Impressum"}]},{"@type":"WebSite","@id":"https:\/\/isk-kunststofftechnik.de\/#website","url":"https:\/\/isk-kunststofftechnik.de\/","name":"Kunststofftechnik GmbH","description":"Pr\u00e4zise      Preiswert P\u00fcnktlich","publisher":{"@id":"https:\/\/isk-kunststofftechnik.de\/#organization"},"potentialAction":[{"@type":"SearchAction","target":{"@type":"EntryPoint","urlTemplate":"https:\/\/isk-kunststofftechnik.de\/?s={search_term_string}"},"query-input":{"@type":"PropertyValueSpecification","valueRequired":true,"valueName":"search_term_string"}}],"inLanguage":"en-GB"},{"@type":"Organization","@id":"https:\/\/isk-kunststofftechnik.de\/#organization","name":"ISK Kunststofftechnik GmbH","url":"https:\/\/isk-kunststofftechnik.de\/","logo":{"@type":"ImageObject","inLanguage":"en-GB","@id":"https:\/\/isk-kunststofftechnik.de\/#\/schema\/logo\/image\/","url":"https:\/\/i0.wp.com\/isk-kunststofftechnik.de\/wp2016\/wp-content\/uploads\/2016\/04\/cropped-schrift4c-Kopie.jpg?fit=512%2C512&ssl=1","contentUrl":"https:\/\/i0.wp.com\/isk-kunststofftechnik.de\/wp2016\/wp-content\/uploads\/2016\/04\/cropped-schrift4c-Kopie.jpg?fit=512%2C512&ssl=1","width":512,"height":512,"caption":"ISK Kunststofftechnik GmbH"},"image":{"@id":"https:\/\/isk-kunststofftechnik.de\/#\/schema\/logo\/image\/"}}]}},"jetpack_shortlink":"https:\/\/wp.me\/P7s1lA-L","jetpack-related-posts":[],"_links":{"self":[{"href":"https:\/\/isk-kunststofftechnik.de\/en\/wp-json\/wp\/v2\/pages\/47","targetHints":{"allow":["GET"]}}],"collection":[{"href":"https:\/\/isk-kunststofftechnik.de\/en\/wp-json\/wp\/v2\/pages"}],"about":[{"href":"https:\/\/isk-kunststofftechnik.de\/en\/wp-json\/wp\/v2\/types\/page"}],"author":[{"embeddable":true,"href":"https:\/\/isk-kunststofftechnik.de\/en\/wp-json\/wp\/v2\/users\/4"}],"replies":[{"embeddable":true,"href":"https:\/\/isk-kunststofftechnik.de\/en\/wp-json\/wp\/v2\/comments?post=47"}],"version-history":[{"count":80,"href":"https:\/\/isk-kunststofftechnik.de\/en\/wp-json\/wp\/v2\/pages\/47\/revisions"}],"predecessor-version":[{"id":8809,"href":"https:\/\/isk-kunststofftechnik.de\/en\/wp-json\/wp\/v2\/pages\/47\/revisions\/8809"}],"wp:attachment":[{"href":"https:\/\/isk-kunststofftechnik.de\/en\/wp-json\/wp\/v2\/media?parent=47"}],"curies":[{"name":"wp","href":"https:\/\/api.w.org\/{rel}","templated":true}]}}