{"id":84,"date":"2016-04-17T17:58:28","date_gmt":"2016-04-17T15:58:28","guid":{"rendered":"http:\/\/isk-kunststofftechnik.de\/wp2016\/?page_id=84"},"modified":"2017-03-13T11:06:19","modified_gmt":"2017-03-13T10:06:19","slug":"maschinen-spritzguss","status":"publish","type":"page","link":"https:\/\/isk-kunststofftechnik.de\/en\/fertigung\/spritzguss\/maschinen-spritzguss\/","title":{"rendered":"Maschinen Spritzguss"},"content":{"rendered":"<p>Schlie\u00dfkraft bis 800 kN<\/p>\n\n<table id=\"tablepress-1\" class=\"tablepress tablepress-id-1\">\n<thead>\n<tr class=\"row-1 odd\">\n\t<th class=\"column-1\">Hersteller<\/th><th class=\"column-2\">Typ<\/th><th class=\"column-3\">Schlie\u00dfkraft<\/th>\n<\/tr>\n<\/thead>\n<tbody class=\"row-hover\">\n<tr class=\"row-2 even\">\n\t<td class=\"column-1\">Arburg<\/td><td class=\"column-2\">220 S 250-60<\/td><td class=\"column-3\">250 kN<\/td>\n<\/tr>\n<tr class=\"row-3 odd\">\n\t<td class=\"column-1\">Arburg<\/td><td class=\"column-2\">270 S 250-60<\/td><td class=\"column-3\">250 kN<\/td>\n<\/tr>\n<tr class=\"row-4 even\">\n\t<td class=\"column-1\">Demag<\/td><td class=\"column-2\">Extra 35-120 EcQ<\/td><td class=\"column-3\">350 kN<\/td>\n<\/tr>\n<tr class=\"row-5 odd\">\n\t<td class=\"column-1\">Battenfeld<\/td><td class=\"column-2\">SmartPower 35\/130<\/td><td class=\"column-3\">350 kN<\/td>\n<\/tr>\n<tr class=\"row-6 even\">\n\t<td class=\"column-1\">Krauss Maffei<\/td><td class=\"column-2\">40-55 C<\/td><td class=\"column-3\">400 kN<\/td>\n<\/tr>\n<tr class=\"row-7 odd\">\n\t<td class=\"column-1\">Arburg<\/td><td class=\"column-2\">320 C 500-170<\/td><td class=\"column-3\">500 kN<\/td>\n<\/tr>\n<tr class=\"row-8 even\">\n\t<td class=\"column-1\">Arburg<\/td><td class=\"column-2\">320 K 700-250<\/td><td class=\"column-3\">700 kN<\/td>\n<\/tr>\n<tr class=\"row-9 odd\">\n\t<td class=\"column-1\">Krauss Maffei<\/td><td class=\"column-2\">80-220 C1<\/td><td class=\"column-3\">800 kN<\/td>\n<\/tr>\n<tr class=\"row-10 even\">\n\t<td class=\"column-1\">Krauss Maffei<\/td><td class=\"column-2\">80-380 EX<\/td><td class=\"column-3\">800 kN<\/td>\n<\/tr>\n<tr class=\"row-11 odd\">\n\t<td class=\"column-1\">Krauss Maffei<\/td><td class=\"column-2\">80-380 CX<\/td><td class=\"column-3\">800 kN<\/td>\n<\/tr>\n<tr class=\"row-12 even\">\n\t<td class=\"column-1\">Krauss Maffei<\/td><td class=\"column-2\">80-390 C1<\/td><td class=\"column-3\">800 kN<\/td>\n<\/tr>\n<\/tbody>\n<\/table>\n<!-- #tablepress-1 from cache -->\n<p>Schlie\u00dfkraft \u00fcber 2.000 kN<\/p>\n\n<table id=\"tablepress-3\" class=\"tablepress tablepress-id-3\">\n<thead>\n<tr class=\"row-1 odd\">\n\t<th class=\"column-1\">Hersteller<\/th><th class=\"column-2\">Typ<\/th><th class=\"column-3\">Schlie\u00dfkraft<\/th>\n<\/tr>\n<\/thead>\n<tbody class=\"row-hover\">\n<tr class=\"row-2 even\">\n\t<td class=\"column-1\">Krauss Maffei<\/td><td class=\"column-2\">250-1400 C2<\/td><td class=\"column-3\">2.500 kN<\/td>\n<\/tr>\n<tr class=\"row-3 odd\">\n\t<td class=\"column-1\">Krauss Maffei<\/td><td class=\"column-2\">300-1900 C2<\/td><td class=\"column-3\">3.000 kN<\/td>\n<\/tr>\n<tr class=\"row-4 even\">\n\t<td class=\"column-1\">Krauss Maffei<\/td><td class=\"column-2\">350-1900 C2<\/td><td class=\"column-3\">3.500 kN<\/td>\n<\/tr>\n<tr class=\"row-5 odd\">\n\t<td class=\"column-1\">Krauss Maffei<\/td><td class=\"column-2\">500-3900 C2<\/td><td class=\"column-3\">5.000 kN<\/td>\n<\/tr>\n<\/tbody>\n<\/table>\n<!-- #tablepress-3 from cache -->\n<p><img fetchpriority=\"high\" decoding=\"async\" src=\"data:image\/gif;base64,R0lGODlhAQABAIAAAAAAAP\/\/\/yH5BAEAAAAALAAAAAABAAEAAAIBRAA7\" data-src=\"https:\/\/isk-kunststofftechnik.de\/wp2016\/wp-content\/uploads\/2017\/03\/IMG_3268.jpg\" width=\"3119\" height=\"1754\" data-srcset=\"https:\/\/i0.wp.com\/www.isk-kunststoff.com\/wp2016\/wp-content\/uploads\/2017\/03\/IMG_3268.jpg?w=3119 3119w, https:\/\/i0.wp.com\/www.isk-kunststoff.com\/wp2016\/wp-content\/uploads\/2017\/03\/IMG_3268.jpg?resize=300%2C169 300w, https:\/\/i0.wp.com\/www.isk-kunststoff.com\/wp2016\/wp-content\/uploads\/2017\/03\/IMG_3268.jpg?resize=768%2C432 768w, https:\/\/i0.wp.com\/www.isk-kunststoff.com\/wp2016\/wp-content\/uploads\/2017\/03\/IMG_3268.jpg?resize=1024%2C576 1024w, https:\/\/i0.wp.com\/www.isk-kunststoff.com\/wp2016\/wp-content\/uploads\/2017\/03\/IMG_3268.jpg?w=1440 1440w, https:\/\/i0.wp.com\/www.isk-kunststoff.com\/wp2016\/wp-content\/uploads\/2017\/03\/IMG_3268.jpg?w=2160 2160w\" title=\"Battenfeld SmartPower 110\/350\" class=\"so-widget-image lazyload\"><noscript><img decoding=\"async\" src=\"https:\/\/i0.wp.com\/isk-kunststofftechnik.de\/wp2016\/wp-content\/uploads\/2017\/03\/IMG_3268.jpg?resize=1170%2C658&#038;ssl=1\" width=\"1170\" height=\"658\" srcset=\"https:\/\/i0.wp.com\/www.isk-kunststoff.com\/wp2016\/wp-content\/uploads\/2017\/03\/IMG_3268.jpg?w=3119 3119w, https:\/\/i0.wp.com\/www.isk-kunststoff.com\/wp2016\/wp-content\/uploads\/2017\/03\/IMG_3268.jpg?resize=300%2C169 300w, https:\/\/i0.wp.com\/www.isk-kunststoff.com\/wp2016\/wp-content\/uploads\/2017\/03\/IMG_3268.jpg?resize=768%2C432 768w, https:\/\/i0.wp.com\/www.isk-kunststoff.com\/wp2016\/wp-content\/uploads\/2017\/03\/IMG_3268.jpg?resize=1024%2C576 1024w, https:\/\/i0.wp.com\/www.isk-kunststoff.com\/wp2016\/wp-content\/uploads\/2017\/03\/IMG_3268.jpg?w=1440 1440w, https:\/\/i0.wp.com\/www.isk-kunststoff.com\/wp2016\/wp-content\/uploads\/2017\/03\/IMG_3268.jpg?w=2160 2160w\" title=\"Battenfeld SmartPower 110\/350\" class=\"so-widget-image lazyload\" data-recalc-dims=\"1\"><\/noscript><\/p>\n<p>Schlie\u00dfkraft bis 2.000 kN<\/p>\n\n<table id=\"tablepress-2\" class=\"tablepress tablepress-id-2\">\n<thead>\n<tr class=\"row-1 odd\">\n\t<th class=\"column-1\">Hersteller<\/th><th class=\"column-2\">Typ<\/th><th class=\"column-3\">Schlie\u00dfkraft<\/th>\n<\/tr>\n<\/thead>\n<tbody class=\"row-hover\">\n<tr class=\"row-2 even\">\n\t<td class=\"column-1\">Arburg<\/td><td class=\"column-2\">320 D 850<\/td><td class=\"column-3\">850 kN<\/td>\n<\/tr>\n<tr class=\"row-3 odd\">\n\t<td class=\"column-1\">Arburg<\/td><td class=\"column-2\">320 M 850-90-210<\/td><td class=\"column-3\">850 kN<\/td>\n<\/tr>\n<tr class=\"row-4 even\">\n\t<td class=\"column-1\">Krauss Maffei<\/td><td class=\"column-2\">110-750 CX<\/td><td class=\"column-3\">1.100 kN<\/td>\n<\/tr>\n<tr class=\"row-5 odd\">\n\t<td class=\"column-1\">Battenfeld<\/td><td class=\"column-2\">SmartPower 110\/350<\/td><td class=\"column-3\">1.100 kN<\/td>\n<\/tr>\n<tr class=\"row-6 even\">\n\t<td class=\"column-1\">Battenfeld<\/td><td class=\"column-2\">EcoPower 110\/350<\/td><td class=\"column-3\">1.100 kN<\/td>\n<\/tr>\n<tr class=\"row-7 odd\">\n\t<td class=\"column-1\">Fahr Bucher<\/td><td class=\"column-2\">SGA 110 DP<\/td><td class=\"column-3\">1.100 kN<\/td>\n<\/tr>\n<tr class=\"row-8 even\">\n\t<td class=\"column-1\">Arburg<\/td><td class=\"column-2\">470 C 2000-675<\/td><td class=\"column-3\">2.000 kN<\/td>\n<\/tr>\n<\/tbody>\n<\/table>\n<!-- #tablepress-2 from cache -->","protected":false},"excerpt":{"rendered":"<p>Schlie\u00dfkraft bis 800 kN Schlie\u00dfkraft \u00fcber 2.000 kN Schlie\u00dfkraft bis 2.000 kN<\/p>","protected":false},"author":4,"featured_media":0,"parent":2,"menu_order":0,"comment_status":"closed","ping_status":"closed","template":"templates\/template-full.php","meta":{"_monsterinsights_skip_tracking":false,"_monsterinsights_sitenote_active":false,"_monsterinsights_sitenote_note":"","_monsterinsights_sitenote_category":0,"spay_email":"","footnotes":""},"class_list":["post-84","page","type-page","status-publish","hentry"],"yoast_head":"<!-- This site is optimized with the Yoast SEO plugin v24.4 - https:\/\/yoast.com\/wordpress\/plugins\/seo\/ -->\n<title>Maschinen Spritzguss | Kunststofftechnik GmbH<\/title>\n<meta name=\"robots\" content=\"index, follow, max-snippet:-1, max-image-preview:large, max-video-preview:-1\" \/>\n<link rel=\"canonical\" href=\"https:\/\/isk-kunststofftechnik.de\/en\/fertigung\/spritzguss\/maschinen-spritzguss\/\" \/>\n<meta name=\"twitter:card\" content=\"summary_large_image\" \/>\n<meta name=\"twitter:title\" content=\"Maschinen Spritzguss | Kunststofftechnik GmbH\" \/>\n<meta name=\"twitter:description\" content=\"Schlie\u00dfkraft bis 800 kN Schlie\u00dfkraft \u00fcber 2.000 kN Schlie\u00dfkraft bis 2.000 kN\" \/>\n<meta name=\"twitter:image\" content=\"https:\/\/isk-kunststofftechnik.de\/wp2016\/wp-content\/uploads\/2017\/03\/IMG_3268.jpg\" \/>\n<script type=\"application\/ld+json\" class=\"yoast-schema-graph\">{\"@context\":\"https:\/\/schema.org\",\"@graph\":[{\"@type\":\"WebPage\",\"@id\":\"https:\/\/isk-kunststofftechnik.de\/fertigung\/spritzguss\/maschinen-spritzguss\/\",\"url\":\"https:\/\/isk-kunststofftechnik.de\/fertigung\/spritzguss\/maschinen-spritzguss\/\",\"name\":\"Maschinen Spritzguss | Kunststofftechnik GmbH\",\"isPartOf\":{\"@id\":\"https:\/\/isk-kunststofftechnik.de\/#website\"},\"primaryImageOfPage\":{\"@id\":\"https:\/\/isk-kunststofftechnik.de\/fertigung\/spritzguss\/maschinen-spritzguss\/#primaryimage\"},\"image\":{\"@id\":\"https:\/\/isk-kunststofftechnik.de\/fertigung\/spritzguss\/maschinen-spritzguss\/#primaryimage\"},\"thumbnailUrl\":\"https:\/\/isk-kunststofftechnik.de\/wp2016\/wp-content\/uploads\/2017\/03\/IMG_3268.jpg\",\"datePublished\":\"2016-04-17T15:58:28+00:00\",\"dateModified\":\"2017-03-13T10:06:19+00:00\",\"breadcrumb\":{\"@id\":\"https:\/\/isk-kunststofftechnik.de\/fertigung\/spritzguss\/maschinen-spritzguss\/#breadcrumb\"},\"inLanguage\":\"en-GB\",\"potentialAction\":[{\"@type\":\"ReadAction\",\"target\":[\"https:\/\/isk-kunststofftechnik.de\/fertigung\/spritzguss\/maschinen-spritzguss\/\"]}]},{\"@type\":\"ImageObject\",\"inLanguage\":\"en-GB\",\"@id\":\"https:\/\/isk-kunststofftechnik.de\/fertigung\/spritzguss\/maschinen-spritzguss\/#primaryimage\",\"url\":\"https:\/\/isk-kunststofftechnik.de\/wp2016\/wp-content\/uploads\/2017\/03\/IMG_3268.jpg\",\"contentUrl\":\"https:\/\/isk-kunststofftechnik.de\/wp2016\/wp-content\/uploads\/2017\/03\/IMG_3268.jpg\"},{\"@type\":\"BreadcrumbList\",\"@id\":\"https:\/\/isk-kunststofftechnik.de\/fertigung\/spritzguss\/maschinen-spritzguss\/#breadcrumb\",\"itemListElement\":[{\"@type\":\"ListItem\",\"position\":1,\"name\":\"Home\",\"item\":\"https:\/\/isk-kunststofftechnik.de\/\"},{\"@type\":\"ListItem\",\"position\":2,\"name\":\"Fertigung\",\"item\":\"https:\/\/isk-kunststofftechnik.de\/fertigung\/\"},{\"@type\":\"ListItem\",\"position\":3,\"name\":\"Spritzguss\",\"item\":\"https:\/\/isk-kunststofftechnik.de\/fertigung\/spritzguss\/\"},{\"@type\":\"ListItem\",\"position\":4,\"name\":\"Maschinen Spritzguss\"}]},{\"@type\":\"WebSite\",\"@id\":\"https:\/\/isk-kunststofftechnik.de\/#website\",\"url\":\"https:\/\/isk-kunststofftechnik.de\/\",\"name\":\"Kunststofftechnik GmbH\",\"description\":\"Pr\u00e4zise      Preiswert P\u00fcnktlich\",\"publisher\":{\"@id\":\"https:\/\/isk-kunststofftechnik.de\/#organization\"},\"potentialAction\":[{\"@type\":\"SearchAction\",\"target\":{\"@type\":\"EntryPoint\",\"urlTemplate\":\"https:\/\/isk-kunststofftechnik.de\/?s={search_term_string}\"},\"query-input\":{\"@type\":\"PropertyValueSpecification\",\"valueRequired\":true,\"valueName\":\"search_term_string\"}}],\"inLanguage\":\"en-GB\"},{\"@type\":\"Organization\",\"@id\":\"https:\/\/isk-kunststofftechnik.de\/#organization\",\"name\":\"ISK Kunststofftechnik GmbH\",\"url\":\"https:\/\/isk-kunststofftechnik.de\/\",\"logo\":{\"@type\":\"ImageObject\",\"inLanguage\":\"en-GB\",\"@id\":\"https:\/\/isk-kunststofftechnik.de\/#\/schema\/logo\/image\/\",\"url\":\"https:\/\/i0.wp.com\/isk-kunststofftechnik.de\/wp2016\/wp-content\/uploads\/2016\/04\/cropped-schrift4c-Kopie.jpg?fit=512%2C512&ssl=1\",\"contentUrl\":\"https:\/\/i0.wp.com\/isk-kunststofftechnik.de\/wp2016\/wp-content\/uploads\/2016\/04\/cropped-schrift4c-Kopie.jpg?fit=512%2C512&ssl=1\",\"width\":512,\"height\":512,\"caption\":\"ISK Kunststofftechnik GmbH\"},\"image\":{\"@id\":\"https:\/\/isk-kunststofftechnik.de\/#\/schema\/logo\/image\/\"}}]}<\/script>\n<!-- \/ Yoast SEO plugin. -->","yoast_head_json":{"title":"Maschinen Spritzguss | Kunststofftechnik GmbH","robots":{"index":"index","follow":"follow","max-snippet":"max-snippet:-1","max-image-preview":"max-image-preview:large","max-video-preview":"max-video-preview:-1"},"canonical":"https:\/\/isk-kunststofftechnik.de\/en\/fertigung\/spritzguss\/maschinen-spritzguss\/","twitter_card":"summary_large_image","twitter_title":"Maschinen Spritzguss | Kunststofftechnik GmbH","twitter_description":"Schlie\u00dfkraft bis 800 kN Schlie\u00dfkraft \u00fcber 2.000 kN Schlie\u00dfkraft bis 2.000 kN","twitter_image":"https:\/\/isk-kunststofftechnik.de\/wp2016\/wp-content\/uploads\/2017\/03\/IMG_3268.jpg","schema":{"@context":"https:\/\/schema.org","@graph":[{"@type":"WebPage","@id":"https:\/\/isk-kunststofftechnik.de\/fertigung\/spritzguss\/maschinen-spritzguss\/","url":"https:\/\/isk-kunststofftechnik.de\/fertigung\/spritzguss\/maschinen-spritzguss\/","name":"Maschinen Spritzguss | Kunststofftechnik GmbH","isPartOf":{"@id":"https:\/\/isk-kunststofftechnik.de\/#website"},"primaryImageOfPage":{"@id":"https:\/\/isk-kunststofftechnik.de\/fertigung\/spritzguss\/maschinen-spritzguss\/#primaryimage"},"image":{"@id":"https:\/\/isk-kunststofftechnik.de\/fertigung\/spritzguss\/maschinen-spritzguss\/#primaryimage"},"thumbnailUrl":"https:\/\/isk-kunststofftechnik.de\/wp2016\/wp-content\/uploads\/2017\/03\/IMG_3268.jpg","datePublished":"2016-04-17T15:58:28+00:00","dateModified":"2017-03-13T10:06:19+00:00","breadcrumb":{"@id":"https:\/\/isk-kunststofftechnik.de\/fertigung\/spritzguss\/maschinen-spritzguss\/#breadcrumb"},"inLanguage":"en-GB","potentialAction":[{"@type":"ReadAction","target":["https:\/\/isk-kunststofftechnik.de\/fertigung\/spritzguss\/maschinen-spritzguss\/"]}]},{"@type":"ImageObject","inLanguage":"en-GB","@id":"https:\/\/isk-kunststofftechnik.de\/fertigung\/spritzguss\/maschinen-spritzguss\/#primaryimage","url":"https:\/\/isk-kunststofftechnik.de\/wp2016\/wp-content\/uploads\/2017\/03\/IMG_3268.jpg","contentUrl":"https:\/\/isk-kunststofftechnik.de\/wp2016\/wp-content\/uploads\/2017\/03\/IMG_3268.jpg"},{"@type":"BreadcrumbList","@id":"https:\/\/isk-kunststofftechnik.de\/fertigung\/spritzguss\/maschinen-spritzguss\/#breadcrumb","itemListElement":[{"@type":"ListItem","position":1,"name":"Home","item":"https:\/\/isk-kunststofftechnik.de\/"},{"@type":"ListItem","position":2,"name":"Fertigung","item":"https:\/\/isk-kunststofftechnik.de\/fertigung\/"},{"@type":"ListItem","position":3,"name":"Spritzguss","item":"https:\/\/isk-kunststofftechnik.de\/fertigung\/spritzguss\/"},{"@type":"ListItem","position":4,"name":"Maschinen Spritzguss"}]},{"@type":"WebSite","@id":"https:\/\/isk-kunststofftechnik.de\/#website","url":"https:\/\/isk-kunststofftechnik.de\/","name":"Kunststofftechnik GmbH","description":"Pr\u00e4zise      Preiswert P\u00fcnktlich","publisher":{"@id":"https:\/\/isk-kunststofftechnik.de\/#organization"},"potentialAction":[{"@type":"SearchAction","target":{"@type":"EntryPoint","urlTemplate":"https:\/\/isk-kunststofftechnik.de\/?s={search_term_string}"},"query-input":{"@type":"PropertyValueSpecification","valueRequired":true,"valueName":"search_term_string"}}],"inLanguage":"en-GB"},{"@type":"Organization","@id":"https:\/\/isk-kunststofftechnik.de\/#organization","name":"ISK Kunststofftechnik GmbH","url":"https:\/\/isk-kunststofftechnik.de\/","logo":{"@type":"ImageObject","inLanguage":"en-GB","@id":"https:\/\/isk-kunststofftechnik.de\/#\/schema\/logo\/image\/","url":"https:\/\/i0.wp.com\/isk-kunststofftechnik.de\/wp2016\/wp-content\/uploads\/2016\/04\/cropped-schrift4c-Kopie.jpg?fit=512%2C512&ssl=1","contentUrl":"https:\/\/i0.wp.com\/isk-kunststofftechnik.de\/wp2016\/wp-content\/uploads\/2016\/04\/cropped-schrift4c-Kopie.jpg?fit=512%2C512&ssl=1","width":512,"height":512,"caption":"ISK Kunststofftechnik GmbH"},"image":{"@id":"https:\/\/isk-kunststofftechnik.de\/#\/schema\/logo\/image\/"}}]}},"jetpack_shortlink":"https:\/\/wp.me\/P7s1lA-1m","jetpack-related-posts":[],"_links":{"self":[{"href":"https:\/\/isk-kunststofftechnik.de\/en\/wp-json\/wp\/v2\/pages\/84","targetHints":{"allow":["GET"]}}],"collection":[{"href":"https:\/\/isk-kunststofftechnik.de\/en\/wp-json\/wp\/v2\/pages"}],"about":[{"href":"https:\/\/isk-kunststofftechnik.de\/en\/wp-json\/wp\/v2\/types\/page"}],"author":[{"embeddable":true,"href":"https:\/\/isk-kunststofftechnik.de\/en\/wp-json\/wp\/v2\/users\/4"}],"replies":[{"embeddable":true,"href":"https:\/\/isk-kunststofftechnik.de\/en\/wp-json\/wp\/v2\/comments?post=84"}],"version-history":[{"count":5,"href":"https:\/\/isk-kunststofftechnik.de\/en\/wp-json\/wp\/v2\/pages\/84\/revisions"}],"predecessor-version":[{"id":271,"href":"https:\/\/isk-kunststofftechnik.de\/en\/wp-json\/wp\/v2\/pages\/84\/revisions\/271"}],"up":[{"embeddable":true,"href":"https:\/\/isk-kunststofftechnik.de\/en\/wp-json\/wp\/v2\/pages\/2"}],"wp:attachment":[{"href":"https:\/\/isk-kunststofftechnik.de\/en\/wp-json\/wp\/v2\/media?parent=84"}],"curies":[{"name":"wp","href":"https:\/\/api.w.org\/{rel}","templated":true}]}}